{"id":2,"date":"2020-05-12T01:48:33","date_gmt":"2020-05-12T01:48:33","guid":{"rendered":"https:\/\/iestudio.ec\/portafolio\/?page_id=2"},"modified":"2020-05-14T00:56:42","modified_gmt":"2020-05-14T00:56:42","slug":"sample-page","status":"publish","type":"page","link":"https:\/\/iestudio.ec\/portafolio\/sample-page\/","title":{"rendered":"Sample Page"},"content":{"rendered":"<div data-colibri-id=\"2-c1\" class=\"style-436 style-local-2-c1 position-relative\">\n  <!---->\n  <div data-colibri-component=\"section\" data-colibri-id=\"2-c2\" id=\"initial-content\" class=\"h-section h-section-global-spacing d-flex align-items-lg-center align-items-md-center align-items-center style-437 style-local-2-c2 position-relative\">\n    <!---->\n    <!---->\n    <div class=\"h-section-grid-container h-section-boxed-container\">\n      <!---->\n      <div data-colibri-id=\"2-c3\" class=\"h-row-container gutters-row-lg-2 gutters-row-md-2 gutters-row-0 gutters-row-v-lg-2 gutters-row-v-md-2 gutters-row-v-2 style-438 style-local-2-c3 position-relative\">\n        <!---->\n        <div class=\"h-row justify-content-lg-center justify-content-md-center justify-content-center align-items-lg-stretch align-items-md-stretch align-items-stretch gutters-col-lg-2 gutters-col-md-2 gutters-col-0 gutters-col-v-lg-2 gutters-col-v-md-2 gutters-col-v-2\">\n          <!---->\n          <div class=\"h-column h-column-container d-flex h-col-lg-auto h-col-md-auto h-col-auto style-439-outer style-local-2-c4-outer\">\n            <div data-colibri-id=\"2-c4\" class=\"d-flex h-flex-basis h-column__inner h-px-lg-2 h-px-md-2 h-px-2 v-inner-lg-2 v-inner-md-2 v-inner-2 style-439 style-local-2-c4 position-relative\">\n              <!---->\n              <!---->\n              <div class=\"w-100 h-y-container h-column__content h-column__v-align flex-basis-100 align-self-lg-start align-self-md-start align-self-start\">\n                <!---->\n                <div data-colibri-id=\"2-c5\" class=\"h-text h-text-component style-442 style-local-2-c5 position-relative h-element\">\n                  <!---->\n                  <!---->\n                  <div class=\"\">\n                    <p>Somos un estudio creativo de dise\u00f1o y publicidad con <span style=\"font-size: 16px; font-family: &quot;Open Sans&quot;; color: rgb(70, 112, 127);\">13 a\u00f1os de experiencia. Nos consolidamos d\u00eda a d\u00eda resolviendo de manera oportuna los requerimientos de las personas y empresas que han confiado en nuestro trabajo, lo que nos ha posicionado en el mercado como una empresa l\u00edder.<\/span><\/p>\n                    <p>\n                      <br>\n                    <\/p>\n                    <p>NUESTRA MISI\u00d3N:<\/p>\n                    <p><span style=\"font-size: 16px; font-family: &quot;Open Sans&quot;; color: rgb(70, 112, 127);\">Resolver de manera pro activa los requerimientos de nuestros clientes para entregar productos de alta calidad que cumplan su objetivo.&nbsp;<\/span><\/p>\n                    <p>\n                      <br>\n                    <\/p>\n                    <p>VISI\u00d3N<\/p>\n                    <p>Ser un equipo consolidado, din\u00e1mico, apasionado y de gran alcance. Con capacidad de resolver de manera eficientemente los requerimientos de nuestros clientes, con un ambiente propicio para el desarrollo de los proyectos, d\u00e1ndo absoluta\n                      importancia a las necesidades del cliente y ajust\u00e1ndonos a la promesa de CALIDAD TOTAL.<\/p>\n                    <p>\n                      <br>\n                    <\/p>\n                    <p>VALORES CORPORATIVOS<\/p>\n                    <p>Responsabilidad<\/p>\n                    <p>Integridad<\/p>\n                    <p>Calidad<\/p>\n                    <p>Colaboraci\u00f3n<\/p>\n                    <p>Creatividad<\/p>\n                    <p>Satisfacci\u00f3n garantizada<\/p>\n                    <p>\n                      <br>\n                    <\/p>\n                  <\/div>\n                <\/div>\n              <\/div>\n            <\/div>\n          <\/div>\n        <\/div>\n      <\/div>\n    <\/div>\n  <\/div>\n<\/div>","protected":false},"excerpt":{"rendered":"<p>Somos un estudio creativo de dise\u00f1o y publicidad con 13 a\u00f1os de experiencia. Nos consolidamos d\u00eda a d\u00eda resolviendo de manera oportuna los requerimientos de las personas y empresas que han confiado en nuestro trabajo, lo que nos ha posicionado en el mercado como una empresa l\u00edder. NUESTRA MISI\u00d3N: Resolver de manera pro activa los [&hellip;]<\/p>\n","protected":false},"author":1,"featured_media":0,"parent":0,"menu_order":0,"comment_status":"closed","ping_status":"open","template":"page-templates\/full-width-page.php","meta":{"pagelayer_contact_templates":[],"_pagelayer_content":"","footnotes":""},"class_list":["post-2","page","type-page","status-publish","hentry"],"_links":{"self":[{"href":"https:\/\/iestudio.ec\/portafolio\/wp-json\/wp\/v2\/pages\/2","targetHints":{"allow":["GET"]}}],"collection":[{"href":"https:\/\/iestudio.ec\/portafolio\/wp-json\/wp\/v2\/pages"}],"about":[{"href":"https:\/\/iestudio.ec\/portafolio\/wp-json\/wp\/v2\/types\/page"}],"author":[{"embeddable":true,"href":"https:\/\/iestudio.ec\/portafolio\/wp-json\/wp\/v2\/users\/1"}],"replies":[{"embeddable":true,"href":"https:\/\/iestudio.ec\/portafolio\/wp-json\/wp\/v2\/comments?post=2"}],"version-history":[{"count":6,"href":"https:\/\/iestudio.ec\/portafolio\/wp-json\/wp\/v2\/pages\/2\/revisions"}],"predecessor-version":[{"id":643,"href":"https:\/\/iestudio.ec\/portafolio\/wp-json\/wp\/v2\/pages\/2\/revisions\/643"}],"wp:attachment":[{"href":"https:\/\/iestudio.ec\/portafolio\/wp-json\/wp\/v2\/media?parent=2"}],"curies":[{"name":"wp","href":"https:\/\/api.w.org\/{rel}","templated":true}]}}